{"id":2,"date":"2023-04-20T21:40:54","date_gmt":"2023-04-20T19:40:54","guid":{"rendered":"http:\/\/pasiekadolinaslupi.pl\/?page_id=2"},"modified":"2024-11-20T17:05:35","modified_gmt":"2024-11-20T16:05:35","slug":"o-nas","status":"publish","type":"page","link":"https:\/\/pasiekadolinaslupi.pl\/","title":{"rendered":"O nas"},"content":{"rendered":"\n<p class=\"has-text-align-center has-text-color has-background has-link-color has-larger-font-size wp-elements-e76eb37f5f3ea63fc88a72b64712a151\" style=\"color:#eee1d1;background-color:#9d796b\">Pasieka \u201eDolina S\u0142upi\u201d jest rodzinn\u0105 pasiek\u0105, prowadzon\u0105 przez ojca i c\u00f3rk\u0119. Nasze pasieki umiejscowione s\u0105 na terenie wojew\u00f3dztwa pomorskiego w powiecie bytowskim i wejherowskim. Oferujemy szeroki wyb\u00f3r naturalnych miod\u00f3w oraz produkt\u00f3w pszczelich prosto z naszych pasiek.<\/p>\n","protected":false},"excerpt":{"rendered":"<p>Pasieka \u201eDolina S\u0142upi\u201d jest rodzinn\u0105 pasiek\u0105, prowadzon\u0105 przez ojca i c\u00f3rk\u0119. Nasze pasieki umiejscowione s\u0105 na terenie wojew\u00f3dztwa pomorskiego w powiecie bytowskim i wejherowskim. Oferujemy szeroki wyb\u00f3r naturalnych miod\u00f3w oraz [&hellip;]<\/p>\n","protected":false},"author":1,"featured_media":0,"parent":0,"menu_order":0,"comment_status":"closed","ping_status":"open","template":"","meta":{"footnotes":""},"class_list":["post-2","page","type-page","status-publish","hentry"],"yoast_head":"<!-- This site is optimized with the Yoast SEO plugin v22.4 - https:\/\/yoast.com\/wordpress\/plugins\/seo\/ -->\n<title>O nas - Pasieka Dolina S\u0142upi<\/title>\n<meta name=\"description\" content=\"Pasieka \u201eDolina S\u0142upi\u201d jest rodzinn\u0105 pasiek\u0105, prowadzon\u0105 przez ojca i c\u00f3rk\u0119. Nasze pasieki umiejscowione s\u0105 na terenie wojew\u00f3dztwa pomorskiego w powiecie bytowskim i wejherowskim. Oferujemy szeroki wyb\u00f3r naturalnych miod\u00f3w oraz produkt\u00f3w pszczelich prosto z naszych pasiek.\" \/>\n<meta name=\"robots\" content=\"index, follow, max-snippet:-1, max-image-preview:large, max-video-preview:-1\" \/>\n<link rel=\"canonical\" href=\"https:\/\/pasiekadolinaslupi.pl\/\" \/>\n<meta property=\"og:locale\" content=\"pl_PL\" \/>\n<meta property=\"og:type\" content=\"article\" \/>\n<meta property=\"og:title\" content=\"O nas - Pasieka Dolina S\u0142upi\" \/>\n<meta property=\"og:description\" content=\"Pasieka \u201eDolina S\u0142upi\u201d jest rodzinn\u0105 pasiek\u0105, prowadzon\u0105 przez ojca i c\u00f3rk\u0119. Nasze pasieki umiejscowione s\u0105 na terenie wojew\u00f3dztwa pomorskiego w powiecie bytowskim i wejherowskim. Oferujemy szeroki wyb\u00f3r naturalnych miod\u00f3w oraz produkt\u00f3w pszczelich prosto z naszych pasiek.\" \/>\n<meta property=\"og:url\" content=\"https:\/\/pasiekadolinaslupi.pl\/\" \/>\n<meta property=\"og:site_name\" content=\"Pasieka Dolina S\u0142upi\" \/>\n<meta property=\"article:modified_time\" content=\"2024-11-20T16:05:35+00:00\" \/>\n<meta name=\"twitter:card\" content=\"summary_large_image\" \/>\n<meta name=\"twitter:label1\" content=\"Szacowany czas czytania\" \/>\n\t<meta name=\"twitter:data1\" content=\"1 minuta\" \/>\n<script type=\"application\/ld+json\" class=\"yoast-schema-graph\">{\"@context\":\"https:\/\/schema.org\",\"@graph\":[{\"@type\":\"NewsArticle\",\"@id\":\"https:\/\/pasiekadolinaslupi.pl\/#article\",\"isPartOf\":{\"@id\":\"https:\/\/pasiekadolinaslupi.pl\/\"},\"author\":{\"name\":\"admin\",\"@id\":\"https:\/\/pasiekadolinaslupi.pl\/#\/schema\/person\/3e444b32251cade1574d9bded27976bb\"},\"headline\":\"O nas\",\"datePublished\":\"2023-04-20T19:40:54+00:00\",\"dateModified\":\"2024-11-20T16:05:35+00:00\",\"mainEntityOfPage\":{\"@id\":\"https:\/\/pasiekadolinaslupi.pl\/\"},\"wordCount\":44,\"publisher\":{\"@id\":\"https:\/\/pasiekadolinaslupi.pl\/#organization\"},\"inLanguage\":\"pl-PL\"},{\"@type\":[\"WebPage\",\"AboutPage\"],\"@id\":\"https:\/\/pasiekadolinaslupi.pl\/\",\"url\":\"https:\/\/pasiekadolinaslupi.pl\/\",\"name\":\"O nas - Pasieka Dolina S\u0142upi\",\"isPartOf\":{\"@id\":\"https:\/\/pasiekadolinaslupi.pl\/#website\"},\"datePublished\":\"2023-04-20T19:40:54+00:00\",\"dateModified\":\"2024-11-20T16:05:35+00:00\",\"description\":\"Pasieka \u201eDolina S\u0142upi\u201d jest rodzinn\u0105 pasiek\u0105, prowadzon\u0105 przez ojca i c\u00f3rk\u0119. Nasze pasieki umiejscowione s\u0105 na terenie wojew\u00f3dztwa pomorskiego w powiecie bytowskim i wejherowskim. Oferujemy szeroki wyb\u00f3r naturalnych miod\u00f3w oraz produkt\u00f3w pszczelich prosto z naszych pasiek.\",\"breadcrumb\":{\"@id\":\"https:\/\/pasiekadolinaslupi.pl\/#breadcrumb\"},\"inLanguage\":\"pl-PL\",\"potentialAction\":[{\"@type\":\"ReadAction\",\"target\":[\"https:\/\/pasiekadolinaslupi.pl\/\"]}]},{\"@type\":\"BreadcrumbList\",\"@id\":\"https:\/\/pasiekadolinaslupi.pl\/#breadcrumb\",\"itemListElement\":[{\"@type\":\"ListItem\",\"position\":1,\"name\":\"Strona g\u0142\u00f3wna\",\"item\":\"https:\/\/pasiekadolinaslupi.pl\/\"},{\"@type\":\"ListItem\",\"position\":2,\"name\":\"O&nbsp;nas\"}]},{\"@type\":\"WebSite\",\"@id\":\"https:\/\/pasiekadolinaslupi.pl\/#website\",\"url\":\"https:\/\/pasiekadolinaslupi.pl\/\",\"name\":\"Pasieka Dolina S\u0142upi\",\"description\":\"Good to be.e\",\"publisher\":{\"@id\":\"https:\/\/pasiekadolinaslupi.pl\/#organization\"},\"potentialAction\":[{\"@type\":\"SearchAction\",\"target\":{\"@type\":\"EntryPoint\",\"urlTemplate\":\"https:\/\/pasiekadolinaslupi.pl\/?s={search_term_string}\"},\"query-input\":\"required name=search_term_string\"}],\"inLanguage\":\"pl-PL\"},{\"@type\":\"Organization\",\"@id\":\"https:\/\/pasiekadolinaslupi.pl\/#organization\",\"name\":\"Pasieka Dolina S\u0142upi\",\"url\":\"https:\/\/pasiekadolinaslupi.pl\/\",\"logo\":{\"@type\":\"ImageObject\",\"inLanguage\":\"pl-PL\",\"@id\":\"https:\/\/pasiekadolinaslupi.pl\/#\/schema\/logo\/image\/\",\"url\":\"https:\/\/pasiekadolinaslupi.pl\/wp-content\/uploads\/2023\/11\/Dolina-Slupi.png\",\"contentUrl\":\"https:\/\/pasiekadolinaslupi.pl\/wp-content\/uploads\/2023\/11\/Dolina-Slupi.png\",\"width\":500,\"height\":500,\"caption\":\"Pasieka Dolina S\u0142upi\"},\"image\":{\"@id\":\"https:\/\/pasiekadolinaslupi.pl\/#\/schema\/logo\/image\/\"}},{\"@type\":\"Person\",\"@id\":\"https:\/\/pasiekadolinaslupi.pl\/#\/schema\/person\/3e444b32251cade1574d9bded27976bb\",\"name\":\"admin\",\"image\":{\"@type\":\"ImageObject\",\"inLanguage\":\"pl-PL\",\"@id\":\"https:\/\/pasiekadolinaslupi.pl\/#\/schema\/person\/image\/\",\"url\":\"https:\/\/secure.gravatar.com\/avatar\/f0bd90c8bf9ae214dc5aae83db7b4d452071a0eca51c4d6a50f262d978a34093?s=96&d=mm&r=g\",\"contentUrl\":\"https:\/\/secure.gravatar.com\/avatar\/f0bd90c8bf9ae214dc5aae83db7b4d452071a0eca51c4d6a50f262d978a34093?s=96&d=mm&r=g\",\"caption\":\"admin\"},\"sameAs\":[\"http:\/\/pasiekadolinaslupi.pl\"],\"url\":\"https:\/\/pasiekadolinaslupi.pl\/?author=1\"}]}<\/script>\n<!-- \/ Yoast SEO plugin. -->","yoast_head_json":{"title":"O nas - Pasieka Dolina S\u0142upi","description":"Pasieka \u201eDolina S\u0142upi\u201d jest rodzinn\u0105 pasiek\u0105, prowadzon\u0105 przez ojca i c\u00f3rk\u0119. Nasze pasieki umiejscowione s\u0105 na terenie wojew\u00f3dztwa pomorskiego w powiecie bytowskim i wejherowskim. Oferujemy szeroki wyb\u00f3r naturalnych miod\u00f3w oraz produkt\u00f3w pszczelich prosto z naszych pasiek.","robots":{"index":"index","follow":"follow","max-snippet":"max-snippet:-1","max-image-preview":"max-image-preview:large","max-video-preview":"max-video-preview:-1"},"canonical":"https:\/\/pasiekadolinaslupi.pl\/","og_locale":"pl_PL","og_type":"article","og_title":"O nas - Pasieka Dolina S\u0142upi","og_description":"Pasieka \u201eDolina S\u0142upi\u201d jest rodzinn\u0105 pasiek\u0105, prowadzon\u0105 przez ojca i c\u00f3rk\u0119. Nasze pasieki umiejscowione s\u0105 na terenie wojew\u00f3dztwa pomorskiego w powiecie bytowskim i wejherowskim. Oferujemy szeroki wyb\u00f3r naturalnych miod\u00f3w oraz produkt\u00f3w pszczelich prosto z naszych pasiek.","og_url":"https:\/\/pasiekadolinaslupi.pl\/","og_site_name":"Pasieka Dolina S\u0142upi","article_modified_time":"2024-11-20T16:05:35+00:00","twitter_card":"summary_large_image","twitter_misc":{"Szacowany czas czytania":"1 minuta"},"schema":{"@context":"https:\/\/schema.org","@graph":[{"@type":"NewsArticle","@id":"https:\/\/pasiekadolinaslupi.pl\/#article","isPartOf":{"@id":"https:\/\/pasiekadolinaslupi.pl\/"},"author":{"name":"admin","@id":"https:\/\/pasiekadolinaslupi.pl\/#\/schema\/person\/3e444b32251cade1574d9bded27976bb"},"headline":"O nas","datePublished":"2023-04-20T19:40:54+00:00","dateModified":"2024-11-20T16:05:35+00:00","mainEntityOfPage":{"@id":"https:\/\/pasiekadolinaslupi.pl\/"},"wordCount":44,"publisher":{"@id":"https:\/\/pasiekadolinaslupi.pl\/#organization"},"inLanguage":"pl-PL"},{"@type":["WebPage","AboutPage"],"@id":"https:\/\/pasiekadolinaslupi.pl\/","url":"https:\/\/pasiekadolinaslupi.pl\/","name":"O nas - Pasieka Dolina S\u0142upi","isPartOf":{"@id":"https:\/\/pasiekadolinaslupi.pl\/#website"},"datePublished":"2023-04-20T19:40:54+00:00","dateModified":"2024-11-20T16:05:35+00:00","description":"Pasieka \u201eDolina S\u0142upi\u201d jest rodzinn\u0105 pasiek\u0105, prowadzon\u0105 przez ojca i c\u00f3rk\u0119. Nasze pasieki umiejscowione s\u0105 na terenie wojew\u00f3dztwa pomorskiego w powiecie bytowskim i wejherowskim. Oferujemy szeroki wyb\u00f3r naturalnych miod\u00f3w oraz produkt\u00f3w pszczelich prosto z naszych pasiek.","breadcrumb":{"@id":"https:\/\/pasiekadolinaslupi.pl\/#breadcrumb"},"inLanguage":"pl-PL","potentialAction":[{"@type":"ReadAction","target":["https:\/\/pasiekadolinaslupi.pl\/"]}]},{"@type":"BreadcrumbList","@id":"https:\/\/pasiekadolinaslupi.pl\/#breadcrumb","itemListElement":[{"@type":"ListItem","position":1,"name":"Strona g\u0142\u00f3wna","item":"https:\/\/pasiekadolinaslupi.pl\/"},{"@type":"ListItem","position":2,"name":"O&nbsp;nas"}]},{"@type":"WebSite","@id":"https:\/\/pasiekadolinaslupi.pl\/#website","url":"https:\/\/pasiekadolinaslupi.pl\/","name":"Pasieka Dolina S\u0142upi","description":"Good to be.e","publisher":{"@id":"https:\/\/pasiekadolinaslupi.pl\/#organization"},"potentialAction":[{"@type":"SearchAction","target":{"@type":"EntryPoint","urlTemplate":"https:\/\/pasiekadolinaslupi.pl\/?s={search_term_string}"},"query-input":"required name=search_term_string"}],"inLanguage":"pl-PL"},{"@type":"Organization","@id":"https:\/\/pasiekadolinaslupi.pl\/#organization","name":"Pasieka Dolina S\u0142upi","url":"https:\/\/pasiekadolinaslupi.pl\/","logo":{"@type":"ImageObject","inLanguage":"pl-PL","@id":"https:\/\/pasiekadolinaslupi.pl\/#\/schema\/logo\/image\/","url":"https:\/\/pasiekadolinaslupi.pl\/wp-content\/uploads\/2023\/11\/Dolina-Slupi.png","contentUrl":"https:\/\/pasiekadolinaslupi.pl\/wp-content\/uploads\/2023\/11\/Dolina-Slupi.png","width":500,"height":500,"caption":"Pasieka Dolina S\u0142upi"},"image":{"@id":"https:\/\/pasiekadolinaslupi.pl\/#\/schema\/logo\/image\/"}},{"@type":"Person","@id":"https:\/\/pasiekadolinaslupi.pl\/#\/schema\/person\/3e444b32251cade1574d9bded27976bb","name":"admin","image":{"@type":"ImageObject","inLanguage":"pl-PL","@id":"https:\/\/pasiekadolinaslupi.pl\/#\/schema\/person\/image\/","url":"https:\/\/secure.gravatar.com\/avatar\/f0bd90c8bf9ae214dc5aae83db7b4d452071a0eca51c4d6a50f262d978a34093?s=96&d=mm&r=g","contentUrl":"https:\/\/secure.gravatar.com\/avatar\/f0bd90c8bf9ae214dc5aae83db7b4d452071a0eca51c4d6a50f262d978a34093?s=96&d=mm&r=g","caption":"admin"},"sameAs":["http:\/\/pasiekadolinaslupi.pl"],"url":"https:\/\/pasiekadolinaslupi.pl\/?author=1"}]}},"_links":{"self":[{"href":"https:\/\/pasiekadolinaslupi.pl\/index.php?rest_route=\/wp\/v2\/pages\/2","targetHints":{"allow":["GET"]}}],"collection":[{"href":"https:\/\/pasiekadolinaslupi.pl\/index.php?rest_route=\/wp\/v2\/pages"}],"about":[{"href":"https:\/\/pasiekadolinaslupi.pl\/index.php?rest_route=\/wp\/v2\/types\/page"}],"author":[{"embeddable":true,"href":"https:\/\/pasiekadolinaslupi.pl\/index.php?rest_route=\/wp\/v2\/users\/1"}],"replies":[{"embeddable":true,"href":"https:\/\/pasiekadolinaslupi.pl\/index.php?rest_route=%2Fwp%2Fv2%2Fcomments&post=2"}],"version-history":[{"count":10,"href":"https:\/\/pasiekadolinaslupi.pl\/index.php?rest_route=\/wp\/v2\/pages\/2\/revisions"}],"predecessor-version":[{"id":121,"href":"https:\/\/pasiekadolinaslupi.pl\/index.php?rest_route=\/wp\/v2\/pages\/2\/revisions\/121"}],"wp:attachment":[{"href":"https:\/\/pasiekadolinaslupi.pl\/index.php?rest_route=%2Fwp%2Fv2%2Fmedia&parent=2"}],"curies":[{"name":"wp","href":"https:\/\/api.w.org\/{rel}","templated":true}]}}