{"id":7,"date":"2023-04-20T21:55:41","date_gmt":"2023-04-20T19:55:41","guid":{"rendered":"https:\/\/pasiekadolinaslupi.pl\/?page_id=7"},"modified":"2023-11-22T21:05:22","modified_gmt":"2023-11-22T20:05:22","slug":"kontakt","status":"publish","type":"page","link":"https:\/\/pasiekadolinaslupi.pl\/?page_id=7","title":{"rendered":"Kontakt"},"content":{"rendered":"\n<div class=\"wp-block-columns alignfull has-text-color has-background has-link-color wp-elements-1571dbac9fca52db4112ba3303bd6cec is-layout-flex wp-container-core-columns-is-layout-9d6595d7 wp-block-columns-is-layout-flex\" style=\"color:#393840;background-color:#eee1d1\">\n<div class=\"wp-block-column is-layout-flow wp-block-column-is-layout-flow\">\n<div style=\"height:100px\" aria-hidden=\"true\" class=\"wp-block-spacer\"><\/div>\n\n\n<div class=\"wp-block-image\">\n<figure class=\"aligncenter is-resized\"><img loading=\"lazy\" decoding=\"async\" width=\"1024\" height=\"1024\" src=\"http:\/\/pasiekadolinaslupi.pl\/wp-content\/uploads\/2023\/11\/1.png\" alt=\"\" class=\"wp-image-69\" style=\"object-fit:cover;width:100px;height:100px\" srcset=\"https:\/\/pasiekadolinaslupi.pl\/wp-content\/uploads\/2023\/11\/1.png 1024w, https:\/\/pasiekadolinaslupi.pl\/wp-content\/uploads\/2023\/11\/1-300x300.png 300w, https:\/\/pasiekadolinaslupi.pl\/wp-content\/uploads\/2023\/11\/1-150x150.png 150w, https:\/\/pasiekadolinaslupi.pl\/wp-content\/uploads\/2023\/11\/1-768x768.png 768w, https:\/\/pasiekadolinaslupi.pl\/wp-content\/uploads\/2023\/11\/1-920x920.png 920w, https:\/\/pasiekadolinaslupi.pl\/wp-content\/uploads\/2023\/11\/1-575x575.png 575w, https:\/\/pasiekadolinaslupi.pl\/wp-content\/uploads\/2023\/11\/1-380x380.png 380w\" sizes=\"auto, (max-width: 1024px) 100vw, 1024px\" \/><\/figure>\n<\/div>\n\n\n<p class=\"has-text-align-center\">+48 735065747<\/p>\n\n\n<div class=\"wp-block-image\">\n<figure class=\"aligncenter is-resized\"><img loading=\"lazy\" decoding=\"async\" width=\"1024\" height=\"1024\" src=\"http:\/\/pasiekadolinaslupi.pl\/wp-content\/uploads\/2023\/11\/2.png\" alt=\"\" class=\"wp-image-60\" style=\"object-fit:cover;width:100px;height:100px\" srcset=\"https:\/\/pasiekadolinaslupi.pl\/wp-content\/uploads\/2023\/11\/2.png 1024w, https:\/\/pasiekadolinaslupi.pl\/wp-content\/uploads\/2023\/11\/2-300x300.png 300w, https:\/\/pasiekadolinaslupi.pl\/wp-content\/uploads\/2023\/11\/2-150x150.png 150w, https:\/\/pasiekadolinaslupi.pl\/wp-content\/uploads\/2023\/11\/2-768x768.png 768w, https:\/\/pasiekadolinaslupi.pl\/wp-content\/uploads\/2023\/11\/2-920x920.png 920w, https:\/\/pasiekadolinaslupi.pl\/wp-content\/uploads\/2023\/11\/2-575x575.png 575w, https:\/\/pasiekadolinaslupi.pl\/wp-content\/uploads\/2023\/11\/2-380x380.png 380w\" sizes=\"auto, (max-width: 1024px) 100vw, 1024px\" \/><\/figure>\n<\/div>\n\n\n<p class=\"has-text-align-center\">pasiekadolinaslupi@wp.pl<\/p>\n<\/div>\n\n\n\n<div class=\"wp-block-column is-layout-flow wp-block-column-is-layout-flow\"><style id=\"wpforms-css-vars-root\">\n\t\t\t\t:root {\n\t\t\t\t\t--wpforms-field-border-radius: 3px;\n--wpforms-field-background-color: #ffffff;\n--wpforms-field-border-color: rgba( 0, 0, 0, 0.25 );\n--wpforms-field-text-color: rgba( 0, 0, 0, 0.7 );\n--wpforms-label-color: rgba( 0, 0, 0, 0.85 );\n--wpforms-label-sublabel-color: rgba( 0, 0, 0, 0.55 );\n--wpforms-label-error-color: #d63637;\n--wpforms-button-border-radius: 3px;\n--wpforms-button-background-color: #066aab;\n--wpforms-button-text-color: #ffffff;\n--wpforms-page-break-color: #066aab;\n--wpforms-field-size-input-height: 43px;\n--wpforms-field-size-input-spacing: 15px;\n--wpforms-field-size-font-size: 16px;\n--wpforms-field-size-line-height: 19px;\n--wpforms-field-size-padding-h: 14px;\n--wpforms-field-size-checkbox-size: 16px;\n--wpforms-field-size-sublabel-spacing: 5px;\n--wpforms-field-size-icon-size: 1;\n--wpforms-label-size-font-size: 16px;\n--wpforms-label-size-line-height: 19px;\n--wpforms-label-size-sublabel-font-size: 14px;\n--wpforms-label-size-sublabel-line-height: 17px;\n--wpforms-button-size-font-size: 17px;\n--wpforms-button-size-height: 41px;\n--wpforms-button-size-padding-h: 15px;\n--wpforms-button-size-margin-top: 10px;\n\n\t\t\t\t}\n\t\t\t<\/style><div class=\"wpforms-container wpforms-container-full wpforms-block wpforms-block-caa55be6-a777-4659-ac9c-00b84734ffa5 wpforms-render-modern\" id=\"wpforms-52\"><form id=\"wpforms-form-52\" class=\"wpforms-validate wpforms-form wpforms-ajax-form\" data-formid=\"52\" method=\"post\" enctype=\"multipart\/form-data\" action=\"\/index.php?rest_route=%2Fwp%2Fv2%2Fpages%2F7\" data-token=\"465b51edafb1eed947d5b4a30a629e27\"><noscript class=\"wpforms-error-noscript\">Aby wype\u0142ni\u0107 ten formularz, w\u0142\u0105cz obs\u0142ug\u0119 JavaScript w przegl\u0105darce.<\/noscript><div class=\"wpforms-hidden\" id=\"wpforms-error-noscript\">Aby wype\u0142ni\u0107 ten formularz, w\u0142\u0105cz obs\u0142ug\u0119 JavaScript w przegl\u0105darce.<\/div><div class=\"wpforms-field-container\"><div id=\"wpforms-52-field_0-container\" class=\"wpforms-field wpforms-field-name\" data-field-id=\"0\"><fieldset><legend class=\"wpforms-field-label\">Imi\u0119 i Nazwisko <span class=\"wpforms-required-label\" aria-hidden=\"true\">*<\/span><\/legend><div class=\"wpforms-field-row wpforms-field-medium\"><div class=\"wpforms-field-row-block wpforms-first wpforms-one-half\"><input type=\"text\" id=\"wpforms-52-field_0\" class=\"wpforms-field-name-first wpforms-field-required\" name=\"wpforms[fields][0][first]\" aria-errormessage=\"wpforms-52-field_0-error\" required><label for=\"wpforms-52-field_0\" class=\"wpforms-field-sublabel after \">Imi\u0119<\/label><\/div><div class=\"wpforms-field-row-block wpforms-one-half\"><input type=\"text\" id=\"wpforms-52-field_0-last\" class=\"wpforms-field-name-last wpforms-field-required\" name=\"wpforms[fields][0][last]\" aria-errormessage=\"wpforms-52-field_0-last-error\" required><label for=\"wpforms-52-field_0-last\" class=\"wpforms-field-sublabel after \">Nazwisko<\/label><\/div><\/div><\/fieldset><\/div><div id=\"wpforms-52-field_1-container\" class=\"wpforms-field wpforms-field-email\" data-field-id=\"1\"><label class=\"wpforms-field-label\" for=\"wpforms-52-field_1\">Adres e-mail <span class=\"wpforms-required-label\" aria-hidden=\"true\">*<\/span><\/label><input type=\"email\" id=\"wpforms-52-field_1\" class=\"wpforms-field-medium wpforms-field-required\" name=\"wpforms[fields][1]\" spellcheck=\"false\" aria-errormessage=\"wpforms-52-field_1-error\" required><\/div><div id=\"wpforms-52-field_2-container\" class=\"wpforms-field wpforms-field-textarea\" data-field-id=\"2\"><label class=\"wpforms-field-label\" for=\"wpforms-52-field_2\">Komentarz lub wiadomo\u015b\u0107<\/label><textarea id=\"wpforms-52-field_2\" class=\"wpforms-field-medium\" name=\"wpforms[fields][2]\" aria-errormessage=\"wpforms-52-field_2-error\" ><\/textarea><\/div><\/div><!-- .wpforms-field-container --><div class=\"wpforms-submit-container\" ><input type=\"hidden\" name=\"wpforms[id]\" value=\"52\"><input type=\"hidden\" name=\"wpforms[author]\" value=\"1\"><button type=\"submit\" name=\"wpforms[submit]\" id=\"wpforms-submit-52\" class=\"wpforms-submit\" data-alt-text=\"Wysy\u0142anie...\" data-submit-text=\"Prze\u015blij\" aria-live=\"assertive\" value=\"wpforms-submit\">Prze\u015blij<\/button><img loading=\"lazy\" decoding=\"async\" src=\"https:\/\/pasiekadolinaslupi.pl\/wp-content\/plugins\/wpforms-lite\/assets\/images\/submit-spin.svg\" class=\"wpforms-submit-spinner\" style=\"display: none;\" width=\"26\" height=\"26\" alt=\"Wczytywanie\"><\/div><\/form><\/div>  <!-- .wpforms-container --><\/div>\n<\/div>\n","protected":false},"excerpt":{"rendered":"<p>+48 735065747 pasiekadolinaslupi@wp.pl<\/p>\n","protected":false},"author":1,"featured_media":0,"parent":0,"menu_order":0,"comment_status":"closed","ping_status":"closed","template":"","meta":{"footnotes":""},"class_list":["post-7","page","type-page","status-publish","hentry"],"yoast_head":"<!-- This site is optimized with the Yoast SEO plugin v22.4 - https:\/\/yoast.com\/wordpress\/plugins\/seo\/ -->\n<title>Kontakt - Pasieka Dolina S\u0142upi<\/title>\n<meta name=\"robots\" content=\"index, follow, max-snippet:-1, max-image-preview:large, max-video-preview:-1\" \/>\n<link rel=\"canonical\" href=\"http:\/\/pasiekadolinaslupi.pl\/?page_id=7\" \/>\n<meta property=\"og:locale\" content=\"pl_PL\" \/>\n<meta property=\"og:type\" content=\"article\" \/>\n<meta property=\"og:title\" content=\"Kontakt - Pasieka Dolina S\u0142upi\" \/>\n<meta property=\"og:description\" content=\"+48 735065747 pasiekadolinaslupi@wp.pl\" \/>\n<meta property=\"og:url\" content=\"http:\/\/pasiekadolinaslupi.pl\/?page_id=7\" \/>\n<meta property=\"og:site_name\" content=\"Pasieka Dolina S\u0142upi\" \/>\n<meta property=\"article:modified_time\" content=\"2023-11-22T20:05:22+00:00\" \/>\n<meta property=\"og:image\" content=\"http:\/\/pasiekadolinaslupi.pl\/wp-content\/uploads\/2023\/11\/1.png\" \/>\n<meta name=\"twitter:card\" content=\"summary_large_image\" \/>\n<meta name=\"twitter:label1\" content=\"Szacowany czas czytania\" \/>\n\t<meta name=\"twitter:data1\" content=\"1 minuta\" \/>\n<script type=\"application\/ld+json\" class=\"yoast-schema-graph\">{\"@context\":\"https:\/\/schema.org\",\"@graph\":[{\"@type\":\"WebPage\",\"@id\":\"http:\/\/pasiekadolinaslupi.pl\/?page_id=7\",\"url\":\"http:\/\/pasiekadolinaslupi.pl\/?page_id=7\",\"name\":\"Kontakt - Pasieka Dolina S\u0142upi\",\"isPartOf\":{\"@id\":\"https:\/\/pasiekadolinaslupi.pl\/#website\"},\"primaryImageOfPage\":{\"@id\":\"http:\/\/pasiekadolinaslupi.pl\/?page_id=7#primaryimage\"},\"image\":{\"@id\":\"http:\/\/pasiekadolinaslupi.pl\/?page_id=7#primaryimage\"},\"thumbnailUrl\":\"http:\/\/pasiekadolinaslupi.pl\/wp-content\/uploads\/2023\/11\/1.png\",\"datePublished\":\"2023-04-20T19:55:41+00:00\",\"dateModified\":\"2023-11-22T20:05:22+00:00\",\"breadcrumb\":{\"@id\":\"http:\/\/pasiekadolinaslupi.pl\/?page_id=7#breadcrumb\"},\"inLanguage\":\"pl-PL\",\"potentialAction\":[{\"@type\":\"ReadAction\",\"target\":[\"http:\/\/pasiekadolinaslupi.pl\/?page_id=7\"]}]},{\"@type\":\"ImageObject\",\"inLanguage\":\"pl-PL\",\"@id\":\"http:\/\/pasiekadolinaslupi.pl\/?page_id=7#primaryimage\",\"url\":\"https:\/\/pasiekadolinaslupi.pl\/wp-content\/uploads\/2023\/11\/1.png\",\"contentUrl\":\"https:\/\/pasiekadolinaslupi.pl\/wp-content\/uploads\/2023\/11\/1.png\",\"width\":1024,\"height\":1024},{\"@type\":\"BreadcrumbList\",\"@id\":\"http:\/\/pasiekadolinaslupi.pl\/?page_id=7#breadcrumb\",\"itemListElement\":[{\"@type\":\"ListItem\",\"position\":1,\"name\":\"Strona g\u0142\u00f3wna\",\"item\":\"https:\/\/pasiekadolinaslupi.pl\/\"},{\"@type\":\"ListItem\",\"position\":2,\"name\":\"Kontakt\"}]},{\"@type\":\"WebSite\",\"@id\":\"https:\/\/pasiekadolinaslupi.pl\/#website\",\"url\":\"https:\/\/pasiekadolinaslupi.pl\/\",\"name\":\"Pasieka Dolina S\u0142upi\",\"description\":\"Good to be.e\",\"publisher\":{\"@id\":\"https:\/\/pasiekadolinaslupi.pl\/#organization\"},\"potentialAction\":[{\"@type\":\"SearchAction\",\"target\":{\"@type\":\"EntryPoint\",\"urlTemplate\":\"https:\/\/pasiekadolinaslupi.pl\/?s={search_term_string}\"},\"query-input\":\"required name=search_term_string\"}],\"inLanguage\":\"pl-PL\"},{\"@type\":\"Organization\",\"@id\":\"https:\/\/pasiekadolinaslupi.pl\/#organization\",\"name\":\"Pasieka Dolina S\u0142upi\",\"url\":\"https:\/\/pasiekadolinaslupi.pl\/\",\"logo\":{\"@type\":\"ImageObject\",\"inLanguage\":\"pl-PL\",\"@id\":\"https:\/\/pasiekadolinaslupi.pl\/#\/schema\/logo\/image\/\",\"url\":\"https:\/\/pasiekadolinaslupi.pl\/wp-content\/uploads\/2023\/11\/Dolina-Slupi.png\",\"contentUrl\":\"https:\/\/pasiekadolinaslupi.pl\/wp-content\/uploads\/2023\/11\/Dolina-Slupi.png\",\"width\":500,\"height\":500,\"caption\":\"Pasieka Dolina S\u0142upi\"},\"image\":{\"@id\":\"https:\/\/pasiekadolinaslupi.pl\/#\/schema\/logo\/image\/\"}}]}<\/script>\n<!-- \/ Yoast SEO plugin. -->","yoast_head_json":{"title":"Kontakt - Pasieka Dolina S\u0142upi","robots":{"index":"index","follow":"follow","max-snippet":"max-snippet:-1","max-image-preview":"max-image-preview:large","max-video-preview":"max-video-preview:-1"},"canonical":"http:\/\/pasiekadolinaslupi.pl\/?page_id=7","og_locale":"pl_PL","og_type":"article","og_title":"Kontakt - Pasieka Dolina S\u0142upi","og_description":"+48 735065747 pasiekadolinaslupi@wp.pl","og_url":"http:\/\/pasiekadolinaslupi.pl\/?page_id=7","og_site_name":"Pasieka Dolina S\u0142upi","article_modified_time":"2023-11-22T20:05:22+00:00","og_image":[{"url":"http:\/\/pasiekadolinaslupi.pl\/wp-content\/uploads\/2023\/11\/1.png"}],"twitter_card":"summary_large_image","twitter_misc":{"Szacowany czas czytania":"1 minuta"},"schema":{"@context":"https:\/\/schema.org","@graph":[{"@type":"WebPage","@id":"http:\/\/pasiekadolinaslupi.pl\/?page_id=7","url":"http:\/\/pasiekadolinaslupi.pl\/?page_id=7","name":"Kontakt - Pasieka Dolina S\u0142upi","isPartOf":{"@id":"https:\/\/pasiekadolinaslupi.pl\/#website"},"primaryImageOfPage":{"@id":"http:\/\/pasiekadolinaslupi.pl\/?page_id=7#primaryimage"},"image":{"@id":"http:\/\/pasiekadolinaslupi.pl\/?page_id=7#primaryimage"},"thumbnailUrl":"http:\/\/pasiekadolinaslupi.pl\/wp-content\/uploads\/2023\/11\/1.png","datePublished":"2023-04-20T19:55:41+00:00","dateModified":"2023-11-22T20:05:22+00:00","breadcrumb":{"@id":"http:\/\/pasiekadolinaslupi.pl\/?page_id=7#breadcrumb"},"inLanguage":"pl-PL","potentialAction":[{"@type":"ReadAction","target":["http:\/\/pasiekadolinaslupi.pl\/?page_id=7"]}]},{"@type":"ImageObject","inLanguage":"pl-PL","@id":"http:\/\/pasiekadolinaslupi.pl\/?page_id=7#primaryimage","url":"https:\/\/pasiekadolinaslupi.pl\/wp-content\/uploads\/2023\/11\/1.png","contentUrl":"https:\/\/pasiekadolinaslupi.pl\/wp-content\/uploads\/2023\/11\/1.png","width":1024,"height":1024},{"@type":"BreadcrumbList","@id":"http:\/\/pasiekadolinaslupi.pl\/?page_id=7#breadcrumb","itemListElement":[{"@type":"ListItem","position":1,"name":"Strona g\u0142\u00f3wna","item":"https:\/\/pasiekadolinaslupi.pl\/"},{"@type":"ListItem","position":2,"name":"Kontakt"}]},{"@type":"WebSite","@id":"https:\/\/pasiekadolinaslupi.pl\/#website","url":"https:\/\/pasiekadolinaslupi.pl\/","name":"Pasieka Dolina S\u0142upi","description":"Good to be.e","publisher":{"@id":"https:\/\/pasiekadolinaslupi.pl\/#organization"},"potentialAction":[{"@type":"SearchAction","target":{"@type":"EntryPoint","urlTemplate":"https:\/\/pasiekadolinaslupi.pl\/?s={search_term_string}"},"query-input":"required name=search_term_string"}],"inLanguage":"pl-PL"},{"@type":"Organization","@id":"https:\/\/pasiekadolinaslupi.pl\/#organization","name":"Pasieka Dolina S\u0142upi","url":"https:\/\/pasiekadolinaslupi.pl\/","logo":{"@type":"ImageObject","inLanguage":"pl-PL","@id":"https:\/\/pasiekadolinaslupi.pl\/#\/schema\/logo\/image\/","url":"https:\/\/pasiekadolinaslupi.pl\/wp-content\/uploads\/2023\/11\/Dolina-Slupi.png","contentUrl":"https:\/\/pasiekadolinaslupi.pl\/wp-content\/uploads\/2023\/11\/Dolina-Slupi.png","width":500,"height":500,"caption":"Pasieka Dolina S\u0142upi"},"image":{"@id":"https:\/\/pasiekadolinaslupi.pl\/#\/schema\/logo\/image\/"}}]}},"_links":{"self":[{"href":"https:\/\/pasiekadolinaslupi.pl\/index.php?rest_route=\/wp\/v2\/pages\/7","targetHints":{"allow":["GET"]}}],"collection":[{"href":"https:\/\/pasiekadolinaslupi.pl\/index.php?rest_route=\/wp\/v2\/pages"}],"about":[{"href":"https:\/\/pasiekadolinaslupi.pl\/index.php?rest_route=\/wp\/v2\/types\/page"}],"author":[{"embeddable":true,"href":"https:\/\/pasiekadolinaslupi.pl\/index.php?rest_route=\/wp\/v2\/users\/1"}],"replies":[{"embeddable":true,"href":"https:\/\/pasiekadolinaslupi.pl\/index.php?rest_route=%2Fwp%2Fv2%2Fcomments&post=7"}],"version-history":[{"count":8,"href":"https:\/\/pasiekadolinaslupi.pl\/index.php?rest_route=\/wp\/v2\/pages\/7\/revisions"}],"predecessor-version":[{"id":125,"href":"https:\/\/pasiekadolinaslupi.pl\/index.php?rest_route=\/wp\/v2\/pages\/7\/revisions\/125"}],"wp:attachment":[{"href":"https:\/\/pasiekadolinaslupi.pl\/index.php?rest_route=%2Fwp%2Fv2%2Fmedia&parent=7"}],"curies":[{"name":"wp","href":"https:\/\/api.w.org\/{rel}","templated":true}]}}